{"id":1079,"date":"2022-04-01T11:31:23","date_gmt":"2022-04-01T11:31:23","guid":{"rendered":"https:\/\/www.ce-records.com\/carrieres\/"},"modified":"2023-12-20T20:10:27","modified_gmt":"2023-12-20T20:10:27","slug":"carrieres","status":"publish","type":"page","link":"https:\/\/ce-records.com\/fr\/carrieres\/","title":{"rendered":"Carri\u00e8res"},"content":{"rendered":"<h1>Faire progresser la gestion des cr\u00e9dits de formation continue gr\u00e2ce \u00e0 la technologie et \u00e0 l&rsquo;innovation.<\/h1>\n<p style=\"font-weight: 400;\">Chez CE Records Inc, nous d\u00e9veloppons des outils num\u00e9riques qui simplifient la vie des professionnels des services financiers.<\/p>\n<p style=\"font-weight: 400;\">Plus pr\u00e9cis\u00e9ment, nous sommes passionn\u00e9s par l&rsquo;utilisation de la technologie pour automatiser et am\u00e9liorer le suivi, la gestion et le rapport des cr\u00e9dits de formation continue (FC), pour toutes les licences et d\u00e9signations, afin que les professionnels des services financiers, et les entreprises qui les emploient, puissent r\u00e9pondre aux exigences r\u00e9glementaires avec plus d&rsquo;efficacit\u00e9 et de pr\u00e9cision, de sorte que le temps puisse \u00eatre allou\u00e9 l\u00e0 o\u00f9 il compte le plus &#8211; la gestion des clients, l&rsquo;am\u00e9lioration de la prestation de conseils, et la croissance des pratiques des conseillers.<\/p>\n<p><span style=\"font-weight: 400;\">Vous souhaitez rejoindre l&rsquo;entreprise qui d\u00e9finit l&rsquo;avenir de la formation continue dans le secteur des services financiers ? Il n&rsquo;y a pas d&rsquo;offres d&#8217;emploi en ce moment, mais si vous souhaitez \u00eatre pris en consid\u00e9ration pour de futures offres d&#8217;emploi, veuillez nous envoyer votre curriculum vitae par courriel \u00e0 <a href=\"mailto:ca****@********ds.com\" data-original-string=\"lK72vl\/TI5NIn0qpTwOKFQ==fa7RE1D+iBqrj5qyd4ADMLnqWmaxS9DxGkt9H2TKBQAk08=\" title=\"This contact has been encoded by Anti-Spam by CleanTalk. Click to decode. To finish the decoding make sure that JavaScript is enabled in your browser.\"><span \n                data-original-string='UgzE5R266XseiVqYA2tF3w==fa70MpeOXplOzbJzPuMQEJ4nSOwgsjvakhWj0Sn1udhLDE='\n                class='apbct-email-encoder'\n                title='This contact has been encoded by Anti-Spam by CleanTalk. Click to decode. To finish the decoding make sure that JavaScript is enabled in your browser.'>ca<span class=\"apbct-blur\">****<\/span>@<span class=\"apbct-blur\">********<\/span>ds.com<\/span><\/a>.<\/span><\/p>\n","protected":false},"excerpt":{"rendered":"<p>Faire progresser la gestion des cr\u00e9dits de formation continue gr\u00e2ce \u00e0 la technologie et \u00e0 l&rsquo;innovation. Chez CE Records Inc, nous d\u00e9veloppons des outils num\u00e9riques qui simplifient la vie des&#8230; &nbsp; <a class=\"read-more\" href=\"https:\/\/ce-records.com\/fr\/carrieres\/\">Read More<\/a><\/p>\n","protected":false},"author":5,"featured_media":1077,"parent":0,"menu_order":0,"comment_status":"closed","ping_status":"closed","template":"tpl-careers.php","meta":{"inline_featured_image":false,"footnotes":""},"class_list":["post-1079","page","type-page","status-publish","has-post-thumbnail","hentry"],"acf":[],"yoast_head":"<!-- This site is optimized with the Yoast SEO plugin v25.5 - https:\/\/yoast.com\/wordpress\/plugins\/seo\/ -->\n<title>Carri\u00e8res - CE Records<\/title>\n<meta name=\"robots\" content=\"index, follow, max-snippet:-1, max-image-preview:large, max-video-preview:-1\" \/>\n<link rel=\"canonical\" href=\"https:\/\/ce-records.com\/fr\/carrieres\/\" \/>\n<meta name=\"twitter:card\" content=\"summary_large_image\" \/>\n<meta name=\"twitter:title\" content=\"60\" \/>\n<meta name=\"twitter:description\" content=\"false\" \/>\n<meta name=\"twitter:image\" content=\"https:\/\/ce-records.com\/wp-content\/uploads\/2022\/04\/pexels-fauxels-3184393b-scaled.jpg\" \/>\n<meta name=\"twitter:label1\" content=\"Dur\u00e9e de lecture estim\u00e9e\" \/>\n\t<meta name=\"twitter:data1\" content=\"1 minute\" \/>\n<script type=\"application\/ld+json\" class=\"yoast-schema-graph\">{\"@context\":\"https:\/\/schema.org\",\"@graph\":[{\"@type\":\"WebPage\",\"@id\":\"https:\/\/ce-records.com\/fr\/carrieres\/\",\"url\":\"https:\/\/ce-records.com\/fr\/carrieres\/\",\"name\":\"Carri\u00e8res - CE Records\",\"isPartOf\":{\"@id\":\"https:\/\/ce-records.com\/#website\"},\"primaryImageOfPage\":{\"@id\":\"https:\/\/ce-records.com\/fr\/carrieres\/#primaryimage\"},\"image\":{\"@id\":\"https:\/\/ce-records.com\/fr\/carrieres\/#primaryimage\"},\"thumbnailUrl\":\"https:\/\/ce-records.com\/wp-content\/uploads\/2022\/04\/pexels-fauxels-3184393b-scaled.jpg\",\"datePublished\":\"2022-04-01T11:31:23+00:00\",\"dateModified\":\"2023-12-20T20:10:27+00:00\",\"breadcrumb\":{\"@id\":\"https:\/\/ce-records.com\/fr\/carrieres\/#breadcrumb\"},\"inLanguage\":\"fr-FR\",\"potentialAction\":[{\"@type\":\"ReadAction\",\"target\":[\"https:\/\/ce-records.com\/fr\/carrieres\/\"]}]},{\"@type\":\"ImageObject\",\"inLanguage\":\"fr-FR\",\"@id\":\"https:\/\/ce-records.com\/fr\/carrieres\/#primaryimage\",\"url\":\"https:\/\/ce-records.com\/wp-content\/uploads\/2022\/04\/pexels-fauxels-3184393b-scaled.jpg\",\"contentUrl\":\"https:\/\/ce-records.com\/wp-content\/uploads\/2022\/04\/pexels-fauxels-3184393b-scaled.jpg\",\"width\":2560,\"height\":1707},{\"@type\":\"BreadcrumbList\",\"@id\":\"https:\/\/ce-records.com\/fr\/carrieres\/#breadcrumb\",\"itemListElement\":[{\"@type\":\"ListItem\",\"position\":1,\"name\":\"Home\",\"item\":\"https:\/\/ce-records.com\/fr\/\"},{\"@type\":\"ListItem\",\"position\":2,\"name\":\"Carri\u00e8res\"}]},{\"@type\":\"WebSite\",\"@id\":\"https:\/\/ce-records.com\/#website\",\"url\":\"https:\/\/ce-records.com\/\",\"name\":\"CE Records\",\"description\":\"CE Credit Tracking for Canadian Investment and Insurance Professionals\",\"potentialAction\":[{\"@type\":\"SearchAction\",\"target\":{\"@type\":\"EntryPoint\",\"urlTemplate\":\"https:\/\/ce-records.com\/?s={search_term_string}\"},\"query-input\":{\"@type\":\"PropertyValueSpecification\",\"valueRequired\":true,\"valueName\":\"search_term_string\"}}],\"inLanguage\":\"fr-FR\"}]}<\/script>\n<!-- \/ Yoast SEO plugin. -->","yoast_head_json":{"title":"Carri\u00e8res - CE Records","robots":{"index":"index","follow":"follow","max-snippet":"max-snippet:-1","max-image-preview":"max-image-preview:large","max-video-preview":"max-video-preview:-1"},"canonical":"https:\/\/ce-records.com\/fr\/carrieres\/","twitter_card":"summary_large_image","twitter_title":"60","twitter_description":"false","twitter_image":"https:\/\/ce-records.com\/wp-content\/uploads\/2022\/04\/pexels-fauxels-3184393b-scaled.jpg","twitter_misc":{"Dur\u00e9e de lecture estim\u00e9e":"1 minute"},"schema":{"@context":"https:\/\/schema.org","@graph":[{"@type":"WebPage","@id":"https:\/\/ce-records.com\/fr\/carrieres\/","url":"https:\/\/ce-records.com\/fr\/carrieres\/","name":"Carri\u00e8res - CE Records","isPartOf":{"@id":"https:\/\/ce-records.com\/#website"},"primaryImageOfPage":{"@id":"https:\/\/ce-records.com\/fr\/carrieres\/#primaryimage"},"image":{"@id":"https:\/\/ce-records.com\/fr\/carrieres\/#primaryimage"},"thumbnailUrl":"https:\/\/ce-records.com\/wp-content\/uploads\/2022\/04\/pexels-fauxels-3184393b-scaled.jpg","datePublished":"2022-04-01T11:31:23+00:00","dateModified":"2023-12-20T20:10:27+00:00","breadcrumb":{"@id":"https:\/\/ce-records.com\/fr\/carrieres\/#breadcrumb"},"inLanguage":"fr-FR","potentialAction":[{"@type":"ReadAction","target":["https:\/\/ce-records.com\/fr\/carrieres\/"]}]},{"@type":"ImageObject","inLanguage":"fr-FR","@id":"https:\/\/ce-records.com\/fr\/carrieres\/#primaryimage","url":"https:\/\/ce-records.com\/wp-content\/uploads\/2022\/04\/pexels-fauxels-3184393b-scaled.jpg","contentUrl":"https:\/\/ce-records.com\/wp-content\/uploads\/2022\/04\/pexels-fauxels-3184393b-scaled.jpg","width":2560,"height":1707},{"@type":"BreadcrumbList","@id":"https:\/\/ce-records.com\/fr\/carrieres\/#breadcrumb","itemListElement":[{"@type":"ListItem","position":1,"name":"Home","item":"https:\/\/ce-records.com\/fr\/"},{"@type":"ListItem","position":2,"name":"Carri\u00e8res"}]},{"@type":"WebSite","@id":"https:\/\/ce-records.com\/#website","url":"https:\/\/ce-records.com\/","name":"CE Records","description":"CE Credit Tracking for Canadian Investment and Insurance Professionals","potentialAction":[{"@type":"SearchAction","target":{"@type":"EntryPoint","urlTemplate":"https:\/\/ce-records.com\/?s={search_term_string}"},"query-input":{"@type":"PropertyValueSpecification","valueRequired":true,"valueName":"search_term_string"}}],"inLanguage":"fr-FR"}]}},"_links":{"self":[{"href":"https:\/\/ce-records.com\/fr\/wp-json\/wp\/v2\/pages\/1079"}],"collection":[{"href":"https:\/\/ce-records.com\/fr\/wp-json\/wp\/v2\/pages"}],"about":[{"href":"https:\/\/ce-records.com\/fr\/wp-json\/wp\/v2\/types\/page"}],"author":[{"embeddable":true,"href":"https:\/\/ce-records.com\/fr\/wp-json\/wp\/v2\/users\/5"}],"replies":[{"embeddable":true,"href":"https:\/\/ce-records.com\/fr\/wp-json\/wp\/v2\/comments?post=1079"}],"version-history":[{"count":0,"href":"https:\/\/ce-records.com\/fr\/wp-json\/wp\/v2\/pages\/1079\/revisions"}],"wp:featuredmedia":[{"embeddable":true,"href":"https:\/\/ce-records.com\/fr\/wp-json\/wp\/v2\/media\/1077"}],"wp:attachment":[{"href":"https:\/\/ce-records.com\/fr\/wp-json\/wp\/v2\/media?parent=1079"}],"curies":[{"name":"wp","href":"https:\/\/api.w.org\/{rel}","templated":true}]}}