{"id":1080,"date":"2022-03-24T07:48:34","date_gmt":"2022-03-24T07:48:34","guid":{"rendered":"https:\/\/www.ce-records.com\/a-propos-de-nous\/"},"modified":"2024-01-16T21:42:39","modified_gmt":"2024-01-16T21:42:39","slug":"a-propos-de-nous","status":"publish","type":"page","link":"https:\/\/ce-records.com\/fr\/a-propos-de-nous\/","title":{"rendered":"\u00c0 propos de nous"},"content":{"rendered":"<p>Nous nous effor\u00e7ons de permettre \u00e0 nos clients de remplir en toute tranquillit\u00e9 leurs obligations en mati\u00e8re de cr\u00e9dits de formation continue, afin qu&rsquo;ils puissent se concentrer sur leur activit\u00e9.<br \/>\nEn gardant les conseillers \u00e0 l&rsquo;esprit, nous nous concentrons sur l&rsquo;exp\u00e9rience de l&rsquo;utilisateur et nous nous tenons au courant de tous les changements r\u00e9glementaires concernant les cr\u00e9dits de formation continue, afin qu&rsquo;ils n&rsquo;aient pas \u00e0 s&rsquo;en occuper.<\/p>\n","protected":false},"excerpt":{"rendered":"<p>Nous nous effor\u00e7ons de permettre \u00e0 nos clients de remplir en toute tranquillit\u00e9 leurs obligations en mati\u00e8re de cr\u00e9dits de formation continue, afin qu&rsquo;ils puissent se concentrer sur leur activit\u00e9&#8230;. &nbsp; <a class=\"read-more\" href=\"https:\/\/ce-records.com\/fr\/a-propos-de-nous\/\">Read More<\/a><\/p>\n","protected":false},"author":5,"featured_media":1982,"parent":0,"menu_order":0,"comment_status":"closed","ping_status":"closed","template":"tpl-about-us.php","meta":{"inline_featured_image":false,"footnotes":""},"class_list":["post-1080","page","type-page","status-publish","has-post-thumbnail","hentry"],"acf":[],"yoast_head":"<!-- This site is optimized with the Yoast SEO plugin v25.5 - https:\/\/yoast.com\/wordpress\/plugins\/seo\/ -->\n<title>\u00c0 propos de nous - CE Records<\/title>\n<meta name=\"robots\" content=\"index, follow, max-snippet:-1, max-image-preview:large, max-video-preview:-1\" \/>\n<link rel=\"canonical\" href=\"https:\/\/ce-records.com\/fr\/a-propos-de-nous\/\" \/>\n<meta name=\"twitter:card\" content=\"summary_large_image\" \/>\n<meta name=\"twitter:title\" content=\"\u00c0 propos de nous - CE Records\" \/>\n<meta name=\"twitter:description\" content=\"Nous nous effor\u00e7ons de permettre \u00e0 nos clients de remplir en toute tranquillit\u00e9 leurs obligations en mati\u00e8re de cr\u00e9dits de formation continue, afin qu&rsquo;ils puissent se concentrer sur leur activit\u00e9.... &nbsp; Read More\" \/>\n<meta name=\"twitter:image\" content=\"https:\/\/ce-records.com\/wp-content\/uploads\/2023\/12\/7c647e7636fee7db97e5659e274b4478-3.png\" \/>\n<meta name=\"twitter:label1\" content=\"Dur\u00e9e de lecture estim\u00e9e\" \/>\n\t<meta name=\"twitter:data1\" content=\"1 minute\" \/>\n<script type=\"application\/ld+json\" class=\"yoast-schema-graph\">{\"@context\":\"https:\/\/schema.org\",\"@graph\":[{\"@type\":\"WebPage\",\"@id\":\"https:\/\/ce-records.com\/fr\/a-propos-de-nous\/\",\"url\":\"https:\/\/ce-records.com\/fr\/a-propos-de-nous\/\",\"name\":\"\u00c0 propos de nous - CE Records\",\"isPartOf\":{\"@id\":\"https:\/\/ce-records.com\/#website\"},\"primaryImageOfPage\":{\"@id\":\"https:\/\/ce-records.com\/fr\/a-propos-de-nous\/#primaryimage\"},\"image\":{\"@id\":\"https:\/\/ce-records.com\/fr\/a-propos-de-nous\/#primaryimage\"},\"thumbnailUrl\":\"https:\/\/ce-records.com\/wp-content\/uploads\/2023\/12\/7c647e7636fee7db97e5659e274b4478-3.png\",\"datePublished\":\"2022-03-24T07:48:34+00:00\",\"dateModified\":\"2024-01-16T21:42:39+00:00\",\"breadcrumb\":{\"@id\":\"https:\/\/ce-records.com\/fr\/a-propos-de-nous\/#breadcrumb\"},\"inLanguage\":\"fr-FR\",\"potentialAction\":[{\"@type\":\"ReadAction\",\"target\":[\"https:\/\/ce-records.com\/fr\/a-propos-de-nous\/\"]}]},{\"@type\":\"ImageObject\",\"inLanguage\":\"fr-FR\",\"@id\":\"https:\/\/ce-records.com\/fr\/a-propos-de-nous\/#primaryimage\",\"url\":\"https:\/\/ce-records.com\/wp-content\/uploads\/2023\/12\/7c647e7636fee7db97e5659e274b4478-3.png\",\"contentUrl\":\"https:\/\/ce-records.com\/wp-content\/uploads\/2023\/12\/7c647e7636fee7db97e5659e274b4478-3.png\",\"width\":1280,\"height\":456},{\"@type\":\"BreadcrumbList\",\"@id\":\"https:\/\/ce-records.com\/fr\/a-propos-de-nous\/#breadcrumb\",\"itemListElement\":[{\"@type\":\"ListItem\",\"position\":1,\"name\":\"Home\",\"item\":\"https:\/\/ce-records.com\/fr\/\"},{\"@type\":\"ListItem\",\"position\":2,\"name\":\"\u00c0 propos de nous\"}]},{\"@type\":\"WebSite\",\"@id\":\"https:\/\/ce-records.com\/#website\",\"url\":\"https:\/\/ce-records.com\/\",\"name\":\"CE Records\",\"description\":\"CE Credit Tracking for Canadian Investment and Insurance Professionals\",\"potentialAction\":[{\"@type\":\"SearchAction\",\"target\":{\"@type\":\"EntryPoint\",\"urlTemplate\":\"https:\/\/ce-records.com\/?s={search_term_string}\"},\"query-input\":{\"@type\":\"PropertyValueSpecification\",\"valueRequired\":true,\"valueName\":\"search_term_string\"}}],\"inLanguage\":\"fr-FR\"}]}<\/script>\n<!-- \/ Yoast SEO plugin. -->","yoast_head_json":{"title":"\u00c0 propos de nous - CE Records","robots":{"index":"index","follow":"follow","max-snippet":"max-snippet:-1","max-image-preview":"max-image-preview:large","max-video-preview":"max-video-preview:-1"},"canonical":"https:\/\/ce-records.com\/fr\/a-propos-de-nous\/","twitter_card":"summary_large_image","twitter_title":"\u00c0 propos de nous - CE Records","twitter_description":"Nous nous effor\u00e7ons de permettre \u00e0 nos clients de remplir en toute tranquillit\u00e9 leurs obligations en mati\u00e8re de cr\u00e9dits de formation continue, afin qu&rsquo;ils puissent se concentrer sur leur activit\u00e9.... &nbsp; Read More","twitter_image":"https:\/\/ce-records.com\/wp-content\/uploads\/2023\/12\/7c647e7636fee7db97e5659e274b4478-3.png","twitter_misc":{"Dur\u00e9e de lecture estim\u00e9e":"1 minute"},"schema":{"@context":"https:\/\/schema.org","@graph":[{"@type":"WebPage","@id":"https:\/\/ce-records.com\/fr\/a-propos-de-nous\/","url":"https:\/\/ce-records.com\/fr\/a-propos-de-nous\/","name":"\u00c0 propos de nous - CE Records","isPartOf":{"@id":"https:\/\/ce-records.com\/#website"},"primaryImageOfPage":{"@id":"https:\/\/ce-records.com\/fr\/a-propos-de-nous\/#primaryimage"},"image":{"@id":"https:\/\/ce-records.com\/fr\/a-propos-de-nous\/#primaryimage"},"thumbnailUrl":"https:\/\/ce-records.com\/wp-content\/uploads\/2023\/12\/7c647e7636fee7db97e5659e274b4478-3.png","datePublished":"2022-03-24T07:48:34+00:00","dateModified":"2024-01-16T21:42:39+00:00","breadcrumb":{"@id":"https:\/\/ce-records.com\/fr\/a-propos-de-nous\/#breadcrumb"},"inLanguage":"fr-FR","potentialAction":[{"@type":"ReadAction","target":["https:\/\/ce-records.com\/fr\/a-propos-de-nous\/"]}]},{"@type":"ImageObject","inLanguage":"fr-FR","@id":"https:\/\/ce-records.com\/fr\/a-propos-de-nous\/#primaryimage","url":"https:\/\/ce-records.com\/wp-content\/uploads\/2023\/12\/7c647e7636fee7db97e5659e274b4478-3.png","contentUrl":"https:\/\/ce-records.com\/wp-content\/uploads\/2023\/12\/7c647e7636fee7db97e5659e274b4478-3.png","width":1280,"height":456},{"@type":"BreadcrumbList","@id":"https:\/\/ce-records.com\/fr\/a-propos-de-nous\/#breadcrumb","itemListElement":[{"@type":"ListItem","position":1,"name":"Home","item":"https:\/\/ce-records.com\/fr\/"},{"@type":"ListItem","position":2,"name":"\u00c0 propos de nous"}]},{"@type":"WebSite","@id":"https:\/\/ce-records.com\/#website","url":"https:\/\/ce-records.com\/","name":"CE Records","description":"CE Credit Tracking for Canadian Investment and Insurance Professionals","potentialAction":[{"@type":"SearchAction","target":{"@type":"EntryPoint","urlTemplate":"https:\/\/ce-records.com\/?s={search_term_string}"},"query-input":{"@type":"PropertyValueSpecification","valueRequired":true,"valueName":"search_term_string"}}],"inLanguage":"fr-FR"}]}},"_links":{"self":[{"href":"https:\/\/ce-records.com\/fr\/wp-json\/wp\/v2\/pages\/1080"}],"collection":[{"href":"https:\/\/ce-records.com\/fr\/wp-json\/wp\/v2\/pages"}],"about":[{"href":"https:\/\/ce-records.com\/fr\/wp-json\/wp\/v2\/types\/page"}],"author":[{"embeddable":true,"href":"https:\/\/ce-records.com\/fr\/wp-json\/wp\/v2\/users\/5"}],"replies":[{"embeddable":true,"href":"https:\/\/ce-records.com\/fr\/wp-json\/wp\/v2\/comments?post=1080"}],"version-history":[{"count":0,"href":"https:\/\/ce-records.com\/fr\/wp-json\/wp\/v2\/pages\/1080\/revisions"}],"wp:featuredmedia":[{"embeddable":true,"href":"https:\/\/ce-records.com\/fr\/wp-json\/wp\/v2\/media\/1982"}],"wp:attachment":[{"href":"https:\/\/ce-records.com\/fr\/wp-json\/wp\/v2\/media?parent=1080"}],"curies":[{"name":"wp","href":"https:\/\/api.w.org\/{rel}","templated":true}]}}